{"id":10,"date":"2024-09-18T22:06:39","date_gmt":"2024-09-18T22:06:39","guid":{"rendered":"https:\/\/prueba.siaco.com.co\/?page_id=10"},"modified":"2025-11-26T03:11:52","modified_gmt":"2025-11-26T03:11:52","slug":"inicio","status":"publish","type":"page","link":"https:\/\/siaco.com.co\/","title":{"rendered":"Inicio"},"content":{"rendered":"<p>[et_pb_section fb_built=&#8221;1&#8243; next_background_color=&#8221;gcid-af6245ea-df40-48a8-9687-67293107dc0c&#8221; admin_label=&#8221;Header&#8221; _builder_version=&#8221;4.27.4&#8243; _module_preset=&#8221;default&#8221; background_color=&#8221;gcid-af6245ea-df40-48a8-9687-67293107dc0c&#8221; use_background_color_gradient=&#8221;on&#8221; background_color_gradient_direction=&#8221;90deg&#8221; background_color_gradient_stops=&#8221;#2875b4 0%|rgba(0,0,0,0) 100%&#8221; background_color_gradient_overlays_image=&#8221;on&#8221; background_color_gradient_start=&#8221;#2875b4&#8243; background_color_gradient_end=&#8221;rgba(0,0,0,0)&#8221; background_enable_image=&#8221;off&#8221; parallax=&#8221;on&#8221; background_video_mp4=&#8221;https:\/\/siaco.com.co\/wp-content\/uploads\/2024\/12\/fondo-siaco-2.mp4&#8243; custom_padding=&#8221;13vw||13vw||true|false&#8221; bottom_divider_style=&#8221;arrow&#8221; bottom_divider_height=&#8221;34px&#8221; collapsed=&#8221;on&#8221; global_colors_info=&#8221;{%22gcid-af6245ea-df40-48a8-9687-67293107dc0c%22:%91%22background_color%22%93}&#8221;][et_pb_row _builder_version=&#8221;4.27.3&#8243; _module_preset=&#8221;default&#8221; custom_margin=&#8221;|auto||auto|false|false&#8221; custom_padding=&#8221;66px||66px||true|false&#8221; global_colors_info=&#8221;{}&#8221;][et_pb_column type=&#8221;4_4&#8243; _builder_version=&#8221;4.20.0&#8243; _module_preset=&#8221;default&#8221; global_colors_info=&#8221;{}&#8221;][et_pb_text _builder_version=&#8221;4.27.3&#8243; _module_preset=&#8221;e6d746b9-81e9-48a3-be62-f51b2b094c11&#8243; header_font=&#8221;Raleway|700|||||||&#8221; header_text_align=&#8221;center&#8221; header_text_color=&#8221;#FFFFFF&#8221; header_font_size=&#8221;45px&#8221; header_line_height=&#8221;1.2em&#8221; custom_margin=&#8221;||10px||false|false&#8221; header_font_size_tablet=&#8221;40px&#8221; header_font_size_phone=&#8221;24px&#8221; header_font_size_last_edited=&#8221;on|desktop&#8221; header_text_shadow_style=&#8221;preset2&#8243; header_text_shadow_blur_strength=&#8221;0.85em&#8221; locked=&#8221;off&#8221; global_colors_info=&#8221;{}&#8221;]<\/p>\n<h1><span>AGENCIA DE ADUANAS SIACO S.A.S. NIVEL 1<br \/>C\u00f3digo 0413<br \/>NIT 800251957-1<\/span><\/h1>\n<p>[\/et_pb_text][\/et_pb_column][\/et_pb_row][\/et_pb_section][et_pb_section fb_built=&#8221;1&#8243; admin_label=&#8221;Services&#8221; _builder_version=&#8221;4.27.0&#8243; _module_preset=&#8221;default&#8221; background_color=&#8221;#f5f5f5&#8243; locked=&#8221;off&#8221; collapsed=&#8221;on&#8221; global_colors_info=&#8221;{%22gcid-af6245ea-df40-48a8-9687-67293107dc0c%22:%91%93}&#8221;][et_pb_row _builder_version=&#8221;4.20.0&#8243; _module_preset=&#8221;default&#8221; max_width=&#8221;700px&#8221; module_alignment=&#8221;center&#8221; custom_padding=&#8221;||||false|false&#8221; locked=&#8221;off&#8221; global_colors_info=&#8221;{}&#8221;][et_pb_column type=&#8221;4_4&#8243; _builder_version=&#8221;4.20.0&#8243; _module_preset=&#8221;default&#8221; global_colors_info=&#8221;{}&#8221;][et_pb_text _builder_version=&#8221;4.27.0&#8243; _module_preset=&#8221;44cf4f86-436f-4844-bed1-7ce40912f774&#8243; header_2_font=&#8221;Raleway|700|||||||&#8221; header_2_text_color=&#8221;#2875b4&#8243; header_2_font_size=&#8221;40px&#8221; header_2_line_height=&#8221;1.4em&#8221; text_orientation=&#8221;center&#8221; header_2_font_size_tablet=&#8221;32px&#8221; header_2_font_size_phone=&#8221;20px&#8221; header_2_font_size_last_edited=&#8221;on|desktop&#8221; global_colors_info=&#8221;{%22gcid-8cdb4e16-0e89-4c38-b30b-9fe41127e3f5%22:%91%22header_4_text_color%22%93}&#8221;]<\/p>\n<h2>AUTORIZACIONES<\/h2>\n<ul><\/ul>\n<p>[\/et_pb_text][\/et_pb_column][\/et_pb_row][et_pb_row column_structure=&#8221;1_4,1_4,1_4,1_4&#8243; use_custom_gutter=&#8221;on&#8221; gutter_width=&#8221;2&#8243; make_equal=&#8221;on&#8221; custom_padding_last_edited=&#8221;on|tablet&#8221; _builder_version=&#8221;4.27.4&#8243; _module_preset=&#8221;default&#8221; custom_padding_tablet=&#8221;||0px||false|false&#8221; custom_padding_phone=&#8221;||0px||false|false&#8221; locked=&#8221;off&#8221; global_colors_info=&#8221;{}&#8221;][et_pb_column type=&#8221;1_4&#8243; _builder_version=&#8221;4.27.4&#8243; _module_preset=&#8221;default&#8221; background_color=&#8221;#f15c41&#8243; background_image=&#8221;https:\/\/siaco.com.co\/wp-content\/uploads\/2025\/02\/14.png&#8221; parallax=&#8221;on&#8221; custom_padding=&#8221;50px|30px|50px|30px|true|true&#8221; link_option_url=&#8221;https:\/\/siaco.com.co\/wp-content\/uploads\/2025\/06\/1.-RESOLUCION-DE-AUTORIZACION-NO.-01125-3FEB2009-1.pdf&#8221; link_option_url_new_window=&#8221;on&#8221; border_radii=&#8221;on|5px|5px|5px|5px&#8221; border_color_all=&#8221;#FFFFFF&#8221; box_shadow_style=&#8221;preset1&#8243; global_colors_info=&#8221;{%22gcid-aa5ce8f4-a042-4184-8a76-3f3d083cef18%22:%91%93,%22gcid-8cdb4e16-0e89-4c38-b30b-9fe41127e3f5%22:%91%93}&#8221; border_color_all__hover_enabled=&#8221;on|desktop&#8221; border_color_all__hover=&#8221;#FFFFFF&#8221; background__hover_enabled=&#8221;on|hover&#8221; background_color__hover=&#8221;#2875b4&#8243; background_enable_color__hover=&#8221;on&#8221;][et_pb_text _builder_version=&#8221;4.27.4&#8243; _module_preset=&#8221;default&#8221; text_text_color=&#8221;#FFFFFF&#8221; header_2_font=&#8221;Raleway|700|||||||&#8221; header_2_text_align=&#8221;center&#8221; header_2_text_color=&#8221;#FFFFFF&#8221; header_2_font_size=&#8221;20px&#8221; header_4_font=&#8221;Raleway|700|||||||&#8221; header_4_text_align=&#8221;center&#8221; header_4_text_color=&#8221;#FFFFFF&#8221; header_4_font_size=&#8221;19px&#8221; custom_margin=&#8221;54px||||false|false&#8221; header_2_text_shadow_style=&#8221;preset2&#8243; header_4_text_shadow_style=&#8221;preset1&#8243; global_colors_info=&#8221;{}&#8221;]<\/p>\n<h2>Resoluci\u00f3n de autorizaci\u00f3n No. 01125 3\/Feb\/2009<\/h2>\n<p>[\/et_pb_text][\/et_pb_column][et_pb_column type=&#8221;1_4&#8243; _builder_version=&#8221;4.27.4&#8243; _module_preset=&#8221;default&#8221; background_color=&#8221;#f15c41&#8243; background_image=&#8221;https:\/\/siaco.com.co\/wp-content\/uploads\/2025\/02\/15.png&#8221; parallax=&#8221;on&#8221; custom_padding=&#8221;50px|30px|50px|30px|true|true&#8221; link_option_url=&#8221;https:\/\/siaco.com.co\/wp-content\/uploads\/2025\/06\/2.-RESOLUCION-NO.-0001830-18FEB2009-1.pdf&#8221; link_option_url_new_window=&#8221;on&#8221; border_radii=&#8221;on|5px|5px|5px|5px&#8221; border_color_all=&#8221;#FFFFFF&#8221; box_shadow_style=&#8221;preset1&#8243; global_colors_info=&#8221;{%22gcid-aa5ce8f4-a042-4184-8a76-3f3d083cef18%22:%91%93,%22gcid-8cdb4e16-0e89-4c38-b30b-9fe41127e3f5%22:%91%22border_color_all__hover%22,%22border_color_all__hover%22,%22border_color_all__hover%22%93}&#8221; border_color_all__hover_enabled=&#8221;on|desktop&#8221; border_color_all__hover=&#8221;#FFFFFF&#8221; background_color__hover=&#8221;#2875b4&#8243; background__hover_enabled=&#8221;on|hover&#8221; background_enable_color__hover=&#8221;on&#8221;][et_pb_text _builder_version=&#8221;4.27.0&#8243; _module_preset=&#8221;default&#8221; text_text_color=&#8221;#FFFFFF&#8221; header_2_font=&#8221;Raleway|700|||||||&#8221; header_2_text_align=&#8221;center&#8221; header_2_text_color=&#8221;#FFFFFF&#8221; header_2_font_size=&#8221;20px&#8221; header_4_font=&#8221;Raleway|700|||||||&#8221; header_4_text_align=&#8221;center&#8221; header_4_text_color=&#8221;#FFFFFF&#8221; header_4_font_size=&#8221;19px&#8221; custom_margin=&#8221;54px||||false|false&#8221; header_2_text_shadow_style=&#8221;preset2&#8243; header_4_text_shadow_style=&#8221;preset1&#8243; global_colors_info=&#8221;{}&#8221;]<\/p>\n<h2>Resoluci\u00f3n No. 0001830 18\/Feb\/2009<\/h2>\n<p>[\/et_pb_text][\/et_pb_column][et_pb_column type=&#8221;1_4&#8243; _builder_version=&#8221;4.27.4&#8243; _module_preset=&#8221;default&#8221; background_color=&#8221;#f15c41&#8243; background_image=&#8221;https:\/\/siaco.com.co\/wp-content\/uploads\/2025\/02\/16.png&#8221; parallax=&#8221;on&#8221; custom_padding=&#8221;50px|30px|50px|30px|true|true&#8221; link_option_url=&#8221;https:\/\/siaco.com.co\/wp-content\/uploads\/2025\/06\/3.-RESOLUCION-CAMBIO-DE-RAZON-SOCIAL-NO.-012060-18NOV2011-1.pdf&#8221; border_radii=&#8221;on|5px|5px|5px|5px&#8221; border_color_all=&#8221;#FFFFFF&#8221; box_shadow_style=&#8221;preset1&#8243; global_colors_info=&#8221;{%22gcid-aa5ce8f4-a042-4184-8a76-3f3d083cef18%22:%91%93,%22gcid-8cdb4e16-0e89-4c38-b30b-9fe41127e3f5%22:%91%22border_color_all__hover%22,%22border_color_all__hover%22,%22border_color_all__hover%22,%22border_color_all__hover%22%93}&#8221; border_color_all__hover_enabled=&#8221;on|desktop&#8221; border_color_all__hover=&#8221;#FFFFFF&#8221; background_color__hover=&#8221;#2875b4&#8243; background__hover_enabled=&#8221;on|hover&#8221; background_enable_color__hover=&#8221;on&#8221;][et_pb_text _builder_version=&#8221;4.27.0&#8243; _module_preset=&#8221;default&#8221; text_text_color=&#8221;#FFFFFF&#8221; header_2_font=&#8221;Raleway|700|||||||&#8221; header_2_text_align=&#8221;center&#8221; header_2_text_color=&#8221;#FFFFFF&#8221; header_2_font_size=&#8221;20px&#8221; header_4_font=&#8221;Raleway|700|||||||&#8221; header_4_text_align=&#8221;center&#8221; header_4_text_color=&#8221;#FFFFFF&#8221; header_4_font_size=&#8221;19px&#8221; custom_margin=&#8221;54px||||false|false&#8221; header_2_text_shadow_style=&#8221;preset2&#8243; header_4_text_shadow_style=&#8221;preset1&#8243; global_colors_info=&#8221;{}&#8221;]<\/p>\n<h2>Resoluci\u00f3n cambio de raz\u00f3n social NO. 012060 18\/Nov\/2011<\/h2>\n<p>[\/et_pb_text][\/et_pb_column][et_pb_column type=&#8221;1_4&#8243; _builder_version=&#8221;4.27.4&#8243; _module_preset=&#8221;default&#8221; background_color=&#8221;#f15c41&#8243; background_image=&#8221;https:\/\/siaco.com.co\/wp-content\/uploads\/2025\/02\/17.png&#8221; parallax=&#8221;on&#8221; custom_padding=&#8221;50px|30px|50px|30px|true|true&#8221; link_option_url=&#8221;https:\/\/conexiongrm.repremundo.com.co\/produccion\/conexiongrm\/archivogestor\/1\/1\/2020\/10\/800251957\/202000000124829\/5f8f5812dd722.pdf&#8221; border_radii=&#8221;on|5px|5px|5px|5px&#8221; border_color_all=&#8221;#FFFFFF&#8221; box_shadow_style=&#8221;preset1&#8243; global_colors_info=&#8221;{%22gcid-aa5ce8f4-a042-4184-8a76-3f3d083cef18%22:%91%93,%22gcid-8cdb4e16-0e89-4c38-b30b-9fe41127e3f5%22:%91%22border_color_all__hover%22,%22border_color_all__hover%22,%22border_color_all__hover%22,%22border_color_all__hover%22%93}&#8221; border_color_all__hover_enabled=&#8221;on|desktop&#8221; border_color_all__hover=&#8221;#FFFFFF&#8221; background_color__hover=&#8221;#2875b4&#8243; background__hover_enabled=&#8221;on|hover&#8221; background_enable_color__hover=&#8221;on&#8221;][et_pb_text _builder_version=&#8221;4.27.0&#8243; _module_preset=&#8221;default&#8221; text_text_color=&#8221;#FFFFFF&#8221; header_2_font=&#8221;Raleway|700|||||||&#8221; header_2_text_align=&#8221;center&#8221; header_2_text_color=&#8221;#FFFFFF&#8221; header_2_font_size=&#8221;20px&#8221; header_4_font=&#8221;Raleway|700|||||||&#8221; header_4_text_align=&#8221;center&#8221; header_4_text_color=&#8221;#FFFFFF&#8221; header_4_font_size=&#8221;19px&#8221; custom_margin=&#8221;54px||||false|false&#8221; header_2_text_shadow_style=&#8221;preset2&#8243; header_4_text_shadow_style=&#8221;preset1&#8243; global_colors_info=&#8221;{}&#8221;]<\/p>\n<h4 class=\"et_pb_module_header et-fb-editable-element et-fb-editable-element__editing\" data-shortcode-id=\"1.2.1.0-1727484630140\" data-quickaccess-id=\"header\" contenteditable=\"true\" data-lt-tmp-id=\"lt-975869\" spellcheck=\"false\" data-gramm=\"false\">CERTIFICACI\u00d3N OEA<\/h4>\n<p>[\/et_pb_text][\/et_pb_column][\/et_pb_row][\/et_pb_section][et_pb_section fb_built=&#8221;1&#8243; prev_background_color=&#8221;#f5f5f5&#8243; admin_label=&#8221;About&#8221; _builder_version=&#8221;4.27.2&#8243; _module_preset=&#8221;default&#8221; background_color=&#8221;gcid-af6245ea-df40-48a8-9687-67293107dc0c&#8221; use_background_color_gradient=&#8221;on&#8221; background_color_gradient_stops=&#8221;#2875b4 0%|#f5f5f5 100%&#8221; background_color_gradient_overlays_image=&#8221;on&#8221; background_enable_image=&#8221;off&#8221; background_size=&#8221;contain&#8221; background_position=&#8221;bottom_center&#8221; custom_padding=&#8221;14vw||14vw||true|false&#8221; top_divider_style=&#8221;arrow&#8221; top_divider_height=&#8221;59px&#8221; top_divider_height_tablet=&#8221;59px&#8221; top_divider_height_phone=&#8221;35px&#8221; top_divider_height_last_edited=&#8221;on|phone&#8221; locked=&#8221;off&#8221; collapsed=&#8221;on&#8221; global_colors_info=&#8221;{%22gcid-af6245ea-df40-48a8-9687-67293107dc0c%22:%91%22background_color%22%93}&#8221;][et_pb_row _builder_version=&#8221;4.20.0&#8243; _module_preset=&#8221;default&#8221; max_width=&#8221;700px&#8221; global_colors_info=&#8221;{}&#8221;][et_pb_column type=&#8221;4_4&#8243; _builder_version=&#8221;4.20.0&#8243; _module_preset=&#8221;default&#8221; global_colors_info=&#8221;{}&#8221;][et_pb_text _builder_version=&#8221;4.27.2&#8243; _module_preset=&#8221;44cf4f86-436f-4844-bed1-7ce40912f774&#8243; header_2_font=&#8221;Red Hat Display|700|||||||&#8221; header_2_text_color=&#8221;#FFFFFF&#8221; header_2_font_size=&#8221;40px&#8221; header_2_line_height=&#8221;1.4em&#8221; header_4_text_color=&#8221;gcid-8cdb4e16-0e89-4c38-b30b-9fe41127e3f5&#8243; text_orientation=&#8221;center&#8221; header_2_font_size_tablet=&#8221;32px&#8221; header_2_font_size_phone=&#8221;20px&#8221; header_2_font_size_last_edited=&#8221;on|desktop&#8221; global_colors_info=&#8221;{%22gcid-8cdb4e16-0e89-4c38-b30b-9fe41127e3f5%22:%91%22header_4_text_color%22%93}&#8221;]<\/p>\n<h2>Optimice Su Comercio Exterior<\/h2>\n<p>[\/et_pb_text][et_pb_text _builder_version=&#8221;4.27.2&#8243; _module_preset=&#8221;181737c7-5946-4339-a44f-e638e2507bdb&#8221; text_font=&#8221;Raleway||||||||&#8221; text_text_color=&#8221;#FFFFFF&#8221; text_font_size=&#8221;16px&#8221; text_line_height=&#8221;1.8em&#8221; header_4_text_color=&#8221;gcid-8cdb4e16-0e89-4c38-b30b-9fe41127e3f5&#8243; text_orientation=&#8221;center&#8221; text_font_size_tablet=&#8221;15px&#8221; text_font_size_phone=&#8221;14px&#8221; text_font_size_last_edited=&#8221;on|desktop&#8221; text_line_height_tablet=&#8221;1.8em&#8221; text_line_height_phone=&#8221;1.4em&#8221; text_line_height_last_edited=&#8221;on|phone&#8221; global_colors_info=&#8221;{%22gcid-8cdb4e16-0e89-4c38-b30b-9fe41127e3f5%22:%91%22header_4_text_color%22%93}&#8221;]<\/p>\n<p><strong>Transformamos su experiencia en comercio exterior<\/strong> a trav\u00e9s de un sistema de gesti\u00f3n integral que garantiza operaciones \u00e1giles y seguras. Nuestro compromiso es hacer de su proceso de importaci\u00f3n y exportaci\u00f3n una tarea sencilla y eficiente.<\/p>\n<p>[\/et_pb_text][et_pb_button button_url=&#8221;@ET-DC@eyJkeW5hbWljIjp0cnVlLCJjb250ZW50IjoicG9zdF9saW5rX3VybF9wYWdlIiwic2V0dGluZ3MiOnsicG9zdF9pZCI6IjUyIn19@&#8221; button_text=&#8221;Pedir servicio&#8221; button_alignment=&#8221;center&#8221; _builder_version=&#8221;4.27.2&#8243; _dynamic_attributes=&#8221;button_url&#8221; _module_preset=&#8221;ab011b48-f1ba-4214-84f0-1696dba529de&#8221; custom_button=&#8221;on&#8221; button_text_size=&#8221;14px&#8221; button_text_color=&#8221;#FFFFFF&#8221; button_bg_color=&#8221;#f15c41&#8243; button_border_width=&#8221;0px&#8221; button_border_radius=&#8221;50px&#8221; button_font=&#8221;Red Hat Display|700|||||||&#8221; button_icon=&#8221;&#x24;||divi||400&#8243; custom_padding=&#8221;15px|40px|15px|40px|true|true&#8221; global_colors_info=&#8221;{}&#8221;][\/et_pb_button][\/et_pb_column][\/et_pb_row][\/et_pb_section]<\/p>\n","protected":false},"excerpt":{"rendered":"<p>AGENCIA DE ADUANAS SIACO S.A.S. NIVEL 1C\u00f3digo 0413NIT 800251957-1AUTORIZACIONES Resoluci\u00f3n de autorizaci\u00f3n No. 01125 3\/Feb\/2009Resoluci\u00f3n No. 0001830 18\/Feb\/2009Resoluci\u00f3n cambio de raz\u00f3n social NO. 012060 18\/Nov\/2011CERTIFICACI\u00d3N OEAOptimice Su Comercio ExteriorTransformamos su experiencia en comercio exterior a trav\u00e9s de un sistema de gesti\u00f3n integral que garantiza operaciones \u00e1giles y seguras. Nuestro compromiso es hacer de su proceso [&hellip;]<\/p>\n","protected":false},"author":1,"featured_media":0,"parent":0,"menu_order":0,"comment_status":"closed","ping_status":"closed","template":"","meta":{"_acf_changed":false,"_et_pb_use_builder":"on","_et_pb_old_content":"","_et_gb_content_width":"","footnotes":""},"class_list":["post-10","page","type-page","status-publish","hentry"],"acf":[],"_links":{"self":[{"href":"https:\/\/siaco.com.co\/index.php\/wp-json\/wp\/v2\/pages\/10","targetHints":{"allow":["GET"]}}],"collection":[{"href":"https:\/\/siaco.com.co\/index.php\/wp-json\/wp\/v2\/pages"}],"about":[{"href":"https:\/\/siaco.com.co\/index.php\/wp-json\/wp\/v2\/types\/page"}],"author":[{"embeddable":true,"href":"https:\/\/siaco.com.co\/index.php\/wp-json\/wp\/v2\/users\/1"}],"replies":[{"embeddable":true,"href":"https:\/\/siaco.com.co\/index.php\/wp-json\/wp\/v2\/comments?post=10"}],"version-history":[{"count":44,"href":"https:\/\/siaco.com.co\/index.php\/wp-json\/wp\/v2\/pages\/10\/revisions"}],"predecessor-version":[{"id":1337,"href":"https:\/\/siaco.com.co\/index.php\/wp-json\/wp\/v2\/pages\/10\/revisions\/1337"}],"wp:attachment":[{"href":"https:\/\/siaco.com.co\/index.php\/wp-json\/wp\/v2\/media?parent=10"}],"curies":[{"name":"wp","href":"https:\/\/api.w.org\/{rel}","templated":true}]}}