{"id":162,"date":"2024-09-29T01:45:51","date_gmt":"2024-09-29T01:45:51","guid":{"rendered":"https:\/\/prueba.siaco.com.co\/?page_id=162"},"modified":"2025-10-03T14:04:37","modified_gmt":"2025-10-03T14:04:37","slug":"nosotros","status":"publish","type":"page","link":"https:\/\/siaco.com.co\/index.php\/nosotros\/","title":{"rendered":"Nosotros"},"content":{"rendered":"<p>[et_pb_section fb_built=&#8221;1&#8243; admin_label=&#8221;About&#8221; _builder_version=&#8221;4.27.4&#8243; _module_preset=&#8221;default&#8221; background_color=&#8221;gcid-af6245ea-df40-48a8-9687-67293107dc0c&#8221; use_background_color_gradient=&#8221;on&#8221; background_color_gradient_direction=&#8221;90deg&#8221; background_color_gradient_stops=&#8221;#2875b4 0%|rgba(0,0,0,0) 100%&#8221; background_color_gradient_overlays_image=&#8221;on&#8221; background_color_gradient_start=&#8221;#2875b4&#8243; background_color_gradient_end=&#8221;rgba(0,0,0,0)&#8221; background_image=&#8221;https:\/\/siaco.com.co\/wp-content\/uploads\/2024\/09\/banner-nosotros.png&#8221; parallax=&#8221;on&#8221; custom_padding=&#8221;20vw||20vw||true|false&#8221; bottom_divider_style=&#8221;arrow&#8221; bottom_divider_color=&#8221;#f5f5f5&#8243; bottom_divider_height=&#8221;72px&#8221; bottom_divider_height_tablet=&#8221;72px&#8221; bottom_divider_height_phone=&#8221;20px&#8221; bottom_divider_height_last_edited=&#8221;on|phone&#8221; locked=&#8221;off&#8221; collapsed=&#8221;on&#8221; global_colors_info=&#8221;{%22gcid-af6245ea-df40-48a8-9687-67293107dc0c%22:%91%22background_color%22,%22background_color%22,%22background_color%22%93}&#8221;][et_pb_row _builder_version=&#8221;4.20.0&#8243; _module_preset=&#8221;default&#8221; global_colors_info=&#8221;{}&#8221;][et_pb_column type=&#8221;4_4&#8243; _builder_version=&#8221;4.20.0&#8243; _module_preset=&#8221;default&#8221; global_colors_info=&#8221;{}&#8221;][et_pb_text _builder_version=&#8221;4.20.0&#8243; _module_preset=&#8221;a46486bc-a0a9-42a4-b5fd-cf4c337af5cc&#8221; header_text_color=&#8221;#FFFFFF&#8221; custom_margin=&#8221;||10px||false|false&#8221; locked=&#8221;off&#8221; global_colors_info=&#8221;{}&#8221;]<\/p>\n<h1>Sobre nosotros<\/h1>\n<p>[\/et_pb_text][\/et_pb_column][\/et_pb_row][\/et_pb_section][et_pb_section fb_built=&#8221;1&#8243; admin_label=&#8221;Feature&#8221; _builder_version=&#8221;4.27.0&#8243; _module_preset=&#8221;default&#8221; background_color=&#8221;gcid-af6245ea-df40-48a8-9687-67293107dc0c&#8221; locked=&#8221;off&#8221; collapsed=&#8221;on&#8221; global_colors_info=&#8221;{%22gcid-af6245ea-df40-48a8-9687-67293107dc0c%22:%91%22background_color%22%93}&#8221;][et_pb_row _builder_version=&#8221;4.27.4&#8243; _module_preset=&#8221;default&#8221; global_colors_info=&#8221;{}&#8221;][et_pb_column type=&#8221;4_4&#8243; _builder_version=&#8221;4.27.4&#8243; _module_preset=&#8221;default&#8221; global_colors_info=&#8221;{}&#8221;][et_pb_text _builder_version=&#8221;4.27.4&#8243; _module_preset=&#8221;679d4e7a-f096-4095-a18f-9ea9f1308c90&#8243; header_2_font=&#8221;Raleway|700|||||||&#8221; header_2_text_align=&#8221;center&#8221; header_2_text_color=&#8221;#2875b4&#8243; text_orientation=&#8221;center&#8221; global_colors_info=&#8221;{}&#8221;]<\/p>\n<h2>Nuestras sucursales<\/h2>\n<p>[\/et_pb_text][et_pb_text _builder_version=&#8221;4.27.4&#8243; _module_preset=&#8221;3ac3766c-3abc-44e1-ab88-2b0f163674d9&#8243; text_font=&#8221;Raleway||||||||&#8221; text_text_color=&#8221;#000000&#8243; text_orientation=&#8221;justified&#8221; locked=&#8221;off&#8221; global_colors_info=&#8221;{}&#8221;]<\/p>\n<p><span style=\"font-weight: 400;\">Agencia de Aduanas Siaco Nivel 1 cuenta con oficinas propias a nivel nacional en los principales puertos, aeropuertos y cruces fronterizos.<\/span><\/p>\n<p>[\/et_pb_text][\/et_pb_column][\/et_pb_row][et_pb_row column_structure=&#8221;2_3,1_3&#8243; _builder_version=&#8221;4.27.4&#8243; _module_preset=&#8221;default&#8221; global_colors_info=&#8221;{}&#8221;][et_pb_column type=&#8221;2_3&#8243; _builder_version=&#8221;4.20.0&#8243; _module_preset=&#8221;default&#8221; global_colors_info=&#8221;{}&#8221;][et_pb_code _builder_version=&#8221;4.27.4&#8243; _module_preset=&#8221;default&#8221; global_colors_info=&#8221;{}&#8221;]\n\t\t\t\t<div class='mapster-wp-maps-container'>\n\t\t\t\t<div class='mapster-wp-maps-loader-container' style='height: 400px;width: 100%;'>\n\t\t\t\t\t<div class='mapster-map-loader-initial' style='background-color: rgba(255,255,255,0.6)'>\n\t\t\t\t\t\t<svg stroke=\"rgba(0, 0, 0, 0.3)\" fill=\"rgba(0, 0, 0, 0.3)\"width=\"38\" height=\"38\" viewBox=\"0 0 38 38\" xmlns=\"http:\/\/www.w3.org\/2000\/svg\" stroke=\"#fff\"> <g fill=\"none\" fill-rule=\"evenodd\"> <g transform=\"translate(1 1)\" stroke-width=\"2\"> <circle stroke-opacity=\".5\" cx=\"18\" cy=\"18\" r=\"18\"\/> <path d=\"M36 18c0-9.94-8.06-18-18-18\"> <animateTransform attributeName=\"transform\" type=\"rotate\" from=\"0 18 18\" to=\"360 18 18\" dur=\"1s\" repeatCount=\"indefinite\"\/> <\/path> <\/g> <\/g> <\/svg>\n\t\t\t\t\t<\/div>\n\t\t\t\t<\/div>\n\t\t\t\t<div class='mapster-wp-maps'\n\t\t\t\t\tid='mapster-wp-maps-1202'\n\t\t\t\t\tdata-id='1202'\n\t\t\t\t\tdata-latitude='null'\n\t\t\t\t\tdata-longitude='null'\n\t\t\t\t\tdata-zoom='null'\n\t\t\t\t\tdata-single_feature_id=''\n\t\t\t\t\tdata-feature_ids=''>\n\t\t\t\t<\/div>\n\t\t\t\t\n\t\t\t<\/div>\n\t\t[\/et_pb_code][\/et_pb_column][et_pb_column type=&#8221;1_3&#8243; _builder_version=&#8221;4.20.0&#8243; _module_preset=&#8221;default&#8221; global_colors_info=&#8221;{}&#8221;][et_pb_text _builder_version=&#8221;4.27.2&#8243; _module_preset=&#8221;679d4e7a-f096-4095-a18f-9ea9f1308c90&#8243; header_2_font=&#8221;Raleway|700|||||||&#8221; header_2_text_align=&#8221;left&#8221; header_2_text_color=&#8221;#2875b4&#8243; text_orientation=&#8221;center&#8221; custom_margin=&#8221;||9px|||&#8221; global_colors_info=&#8221;{}&#8221;]<\/p>\n<h2>Sucursales<\/h2>\n<p>[\/et_pb_text][et_pb_toggle title=&#8221;SIACO Oficina Principal Bogot\u00e1&#8221; open_toggle_background_color=&#8221;#FFFFFF&#8221; closed_toggle_text_color=&#8221;#FFFFFF&#8221; closed_toggle_background_color=&#8221;#f15c41&#8243; icon_color=&#8221;#FFFFFF&#8221; toggle_icon=&#8221;&#xe081;||divi||400&#8243; open_icon_color=&#8221;#f15c41&#8243; open_toggle_icon=&#8221;&#xe081;||divi||400&#8243; open_use_icon_font_size=&#8221;on&#8221; open_icon_font_size=&#8221;14px&#8221; _builder_version=&#8221;4.27.4&#8243; _module_preset=&#8221;default&#8221; title_font=&#8221;Raleway||||||||&#8221; title_font_size=&#8221;14px&#8221; closed_title_font=&#8221;Raleway|600|||||||&#8221; custom_margin=&#8221;||8px|||&#8221; custom_padding=&#8221;13px||12px|||&#8221; global_colors_info=&#8221;{}&#8221;]<\/p>\n<p><span>Ak 97 # 24C -80. Bogot\u00e1 DC, Cundinamarca<\/span><\/p>\n<p>[\/et_pb_toggle][et_pb_toggle title=&#8221;SIACO Oficina Avianca Bogot\u00e1&#8221; open_toggle_background_color=&#8221;#FFFFFF&#8221; closed_toggle_text_color=&#8221;#FFFFFF&#8221; closed_toggle_background_color=&#8221;#f15c41&#8243; icon_color=&#8221;#FFFFFF&#8221; toggle_icon=&#8221;&#xe081;||divi||400&#8243; open_icon_color=&#8221;#f15c41&#8243; open_toggle_icon=&#8221;&#xe081;||divi||400&#8243; open_use_icon_font_size=&#8221;on&#8221; open_icon_font_size=&#8221;14px&#8221; _builder_version=&#8221;4.27.4&#8243; _module_preset=&#8221;default&#8221; title_font=&#8221;Raleway||||||||&#8221; title_font_size=&#8221;14px&#8221; closed_title_font=&#8221;Raleway|600|||||||&#8221; custom_margin=&#8221;||8px|||&#8221; custom_padding=&#8221;13px||12px|||&#8221; global_colors_info=&#8221;{}&#8221;]<\/p>\n<p><span>Av Calle 26 # 106-39. Piso 4 Oficina 412 y Piso 1 Oficina 130 Bogot\u00e1 DC, Cundinamarca<\/span><\/p>\n<p>[\/et_pb_toggle][et_pb_toggle title=&#8221;SIACO Oficina Cartagena&#8221; open_toggle_background_color=&#8221;#FFFFFF&#8221; closed_toggle_text_color=&#8221;#FFFFFF&#8221; closed_toggle_background_color=&#8221;#f15c41&#8243; icon_color=&#8221;#FFFFFF&#8221; toggle_icon=&#8221;&#xe081;||divi||400&#8243; open_icon_color=&#8221;#f15c41&#8243; open_toggle_icon=&#8221;&#xe081;||divi||400&#8243; open_use_icon_font_size=&#8221;on&#8221; open_icon_font_size=&#8221;14px&#8221; _builder_version=&#8221;4.27.4&#8243; _module_preset=&#8221;default&#8221; title_font=&#8221;Raleway||||||||&#8221; title_font_size=&#8221;14px&#8221; closed_title_font=&#8221;Raleway|600|||||||&#8221; custom_margin=&#8221;||8px|||&#8221; custom_padding=&#8221;13px||12px|||&#8221; global_colors_info=&#8221;{}&#8221;]<\/p>\n<p><span>Calle 28 # 27-05 Oficina 2303-2304 Edificio SEAPORT 3 Barrio Manga Cartagena<\/span><\/p>\n<p>[\/et_pb_toggle][et_pb_toggle title=&#8221;SIACO Oficina Buenaventura&#8221; open_toggle_background_color=&#8221;#FFFFFF&#8221; closed_toggle_text_color=&#8221;#FFFFFF&#8221; closed_toggle_background_color=&#8221;#f15c41&#8243; icon_color=&#8221;#FFFFFF&#8221; toggle_icon=&#8221;&#xe081;||divi||400&#8243; open_icon_color=&#8221;#f15c41&#8243; open_toggle_icon=&#8221;&#xe081;||divi||400&#8243; open_use_icon_font_size=&#8221;on&#8221; open_icon_font_size=&#8221;14px&#8221; _builder_version=&#8221;4.27.4&#8243; _module_preset=&#8221;default&#8221; title_font=&#8221;Raleway||||||||&#8221; title_font_size=&#8221;14px&#8221; closed_title_font=&#8221;Raleway|600|||||||&#8221; custom_margin=&#8221;||8px|||&#8221; custom_padding=&#8221;13px||12px|||&#8221; global_colors_info=&#8221;{}&#8221;]<\/p>\n<p><span>Cra 3 # 2-13\/L. 1-2-3. Buenaventura, Valle del Cauca<\/span><\/p>\n<p>[\/et_pb_toggle][et_pb_toggle title=&#8221;SIACO Oficina Medell\u00edn&#8221; open_toggle_background_color=&#8221;#FFFFFF&#8221; closed_toggle_text_color=&#8221;#FFFFFF&#8221; closed_toggle_background_color=&#8221;#f15c41&#8243; icon_color=&#8221;#FFFFFF&#8221; toggle_icon=&#8221;&#xe081;||divi||400&#8243; open_icon_color=&#8221;#f15c41&#8243; open_toggle_icon=&#8221;&#xe081;||divi||400&#8243; open_use_icon_font_size=&#8221;on&#8221; open_icon_font_size=&#8221;14px&#8221; _builder_version=&#8221;4.27.4&#8243; _module_preset=&#8221;default&#8221; title_font=&#8221;Raleway||||||||&#8221; title_font_size=&#8221;14px&#8221; closed_title_font=&#8221;Raleway|600|||||||&#8221; custom_margin=&#8221;||8px|||&#8221; custom_padding=&#8221;13px||12px|||&#8221; global_colors_info=&#8221;{}&#8221;]<\/p>\n<p><span>Glorieta del Aeropuerto Jos\u00e9 Mar\u00eda C\u00f3rdova, Centro Ciudad Karga Fase 1 Oficina 311. Rionegro, Antioquia.<\/span><\/p>\n<p>[\/et_pb_toggle][et_pb_toggle title=&#8221;SIACO Oficina Cali&#8221; open_toggle_background_color=&#8221;#FFFFFF&#8221; closed_toggle_text_color=&#8221;#FFFFFF&#8221; closed_toggle_background_color=&#8221;#f15c41&#8243; icon_color=&#8221;#FFFFFF&#8221; toggle_icon=&#8221;&#xe081;||divi||400&#8243; open_icon_color=&#8221;#f15c41&#8243; open_toggle_icon=&#8221;&#xe081;||divi||400&#8243; open_use_icon_font_size=&#8221;on&#8221; open_icon_font_size=&#8221;14px&#8221; _builder_version=&#8221;4.27.4&#8243; _module_preset=&#8221;default&#8221; title_font=&#8221;Raleway||||||||&#8221; title_font_size=&#8221;14px&#8221; closed_title_font=&#8221;Raleway|600|||||||&#8221; custom_margin=&#8221;||8px|||&#8221; custom_padding=&#8221;13px||12px|||&#8221; global_colors_info=&#8221;{}&#8221;]<\/p>\n<p><span>CALLE 64 N # 05-B-26 CENTRO EMPRESA MENGA<\/span><\/p>\n<p>[\/et_pb_toggle][et_pb_toggle title=&#8221;SIACO Oficina Ipiales&#8221; open_toggle_background_color=&#8221;#FFFFFF&#8221; closed_toggle_text_color=&#8221;#FFFFFF&#8221; closed_toggle_background_color=&#8221;#f15c41&#8243; icon_color=&#8221;#FFFFFF&#8221; toggle_icon=&#8221;&#xe081;||divi||400&#8243; open_icon_color=&#8221;#f15c41&#8243; open_toggle_icon=&#8221;&#xe081;||divi||400&#8243; open_use_icon_font_size=&#8221;on&#8221; open_icon_font_size=&#8221;14px&#8221; _builder_version=&#8221;4.27.4&#8243; _module_preset=&#8221;default&#8221; title_font=&#8221;Raleway||||||||&#8221; title_font_size=&#8221;14px&#8221; closed_title_font=&#8221;Raleway|600|||||||&#8221; custom_margin=&#8221;||8px|||&#8221; custom_padding=&#8221;13px||12px|||&#8221; global_colors_info=&#8221;{}&#8221;]<\/p>\n<p><span>Centro Comercial Rumichaca Local 23 en Ipiales-Nari\u00f1o-Colombia.<\/span><\/p>\n<p>[\/et_pb_toggle][\/et_pb_column][\/et_pb_row][\/et_pb_section][et_pb_section fb_built=&#8221;1&#8243; admin_label=&#8221;About&#8221; _builder_version=&#8221;4.27.4&#8243; _module_preset=&#8221;default&#8221; background_image=&#8221;https:\/\/siaco.com.co\/wp-content\/uploads\/2025\/02\/banner-numeros-siaco.png&#8221; parallax=&#8221;on&#8221; locked=&#8221;off&#8221; collapsed=&#8221;on&#8221; global_colors_info=&#8221;{%22gcid-af6245ea-df40-48a8-9687-67293107dc0c%22:%91%22background_color%22,%22background_color%22%93}&#8221;][et_pb_row column_structure=&#8221;1_3,1_3,1_3&#8243; _builder_version=&#8221;4.27.4&#8243; _module_preset=&#8221;default&#8221; global_colors_info=&#8221;{}&#8221;][et_pb_column type=&#8221;1_3&#8243; _builder_version=&#8221;4.27.4&#8243; _module_preset=&#8221;default&#8221; custom_padding=&#8221;40px|30px|50px|30px|false|true&#8221; border_radii=&#8221;on|10px|10px|10px|10px&#8221; border_width_all=&#8221;1px&#8221; border_color_all=&#8221;gcid-aa5ce8f4-a042-4184-8a76-3f3d083cef18&#8243; global_colors_info=&#8221;{%22gcid-aa5ce8f4-a042-4184-8a76-3f3d083cef18%22:%91%22border_color_all%22%93}&#8221;][et_pb_number_counter title=&#8221;Colaboradores a nivel nacional&#8221; number=&#8221;+600&#8243; _builder_version=&#8221;4.27.4&#8243; _module_preset=&#8221;21f6dabd-763e-48f6-9e55-e380b69b7f84&#8243; title_font=&#8221;Red Hat Display|600|||||||&#8221; number_text_color=&#8221;#FFFFFF&#8221; title_text_shadow_style=&#8221;preset1&#8243; number_text_shadow_style=&#8221;preset1&#8243; locked=&#8221;off&#8221; global_colors_info=&#8221;{}&#8221;][\/et_pb_number_counter][\/et_pb_column][et_pb_column type=&#8221;1_3&#8243; _builder_version=&#8221;4.20.0&#8243; _module_preset=&#8221;default&#8221; custom_padding=&#8221;40px|30px|50px|30px|false|true&#8221; border_radii=&#8221;on|10px|10px|10px|10px&#8221; border_width_all=&#8221;1px&#8221; border_color_all=&#8221;gcid-aa5ce8f4-a042-4184-8a76-3f3d083cef18&#8243; global_colors_info=&#8221;{%22gcid-aa5ce8f4-a042-4184-8a76-3f3d083cef18%22:%91%22border_color_all%22%93}&#8221;][et_pb_number_counter title=&#8221;Clientes activos&#8221; number=&#8221;+500&#8243; _builder_version=&#8221;4.27.4&#8243; _module_preset=&#8221;21f6dabd-763e-48f6-9e55-e380b69b7f84&#8243; title_font=&#8221;Red Hat Display|600|||||||&#8221; number_text_color=&#8221;#FFFFFF&#8221; title_text_shadow_style=&#8221;preset3&#8243; number_text_shadow_style=&#8221;preset1&#8243; locked=&#8221;off&#8221; global_colors_info=&#8221;{}&#8221;][\/et_pb_number_counter][\/et_pb_column][et_pb_column type=&#8221;1_3&#8243; _builder_version=&#8221;4.20.0&#8243; _module_preset=&#8221;default&#8221; custom_padding=&#8221;40px|30px|50px|30px|false|true&#8221; border_radii=&#8221;on|10px|10px|10px|10px&#8221; border_width_all=&#8221;1px&#8221; border_color_all=&#8221;gcid-aa5ce8f4-a042-4184-8a76-3f3d083cef18&#8243; global_colors_info=&#8221;{%22gcid-aa5ce8f4-a042-4184-8a76-3f3d083cef18%22:%91%22border_color_all%22%93}&#8221;][et_pb_number_counter title=&#8221;A\u00f1os de experiencia&#8221; number=&#8221;+40&#8243; _builder_version=&#8221;4.27.4&#8243; _module_preset=&#8221;21f6dabd-763e-48f6-9e55-e380b69b7f84&#8243; title_font=&#8221;Red Hat Display|600|||||||&#8221; number_text_color=&#8221;#FFFFFF&#8221; title_text_shadow_style=&#8221;preset3&#8243; number_text_shadow_style=&#8221;preset1&#8243; locked=&#8221;off&#8221; global_colors_info=&#8221;{}&#8221;][\/et_pb_number_counter][\/et_pb_column][\/et_pb_row][\/et_pb_section]<\/p>\n","protected":false},"excerpt":{"rendered":"<p>Sobre nosotrosNuestras sucursalesAgencia de Aduanas Siaco Nivel 1 cuenta con oficinas propias a nivel nacional en los principales puertos, aeropuertos y cruces fronterizos.\n\t\t\t\t<div class='mapster-wp-maps-container'>\n\t\t\t\t<div class='mapster-wp-maps-loader-container' style='height: 400px;width: 100%;'>\n\t\t\t\t\t<div class='mapster-map-loader-initial' style='background-color: rgba(255,255,255,0.6)'>\n\t\t\t\t\t\t<svg stroke=\"rgba(0, 0, 0, 0.3)\" fill=\"rgba(0, 0, 0, 0.3)\"width=\"38\" height=\"38\" viewBox=\"0 0 38 38\" xmlns=\"http:\/\/www.w3.org\/2000\/svg\" stroke=\"#fff\"> <g fill=\"none\" fill-rule=\"evenodd\"> <g transform=\"translate(1 1)\" stroke-width=\"2\"> <circle stroke-opacity=\".5\" cx=\"18\" cy=\"18\" r=\"18\"\/> <path d=\"M36 18c0-9.94-8.06-18-18-18\"> <animateTransform attributeName=\"transform\" type=\"rotate\" from=\"0 18 18\" to=\"360 18 18\" dur=\"1s\" repeatCount=\"indefinite\"\/> <\/path> <\/g> <\/g> <\/svg>\n\t\t\t\t\t<\/div>\n\t\t\t\t<\/div>\n\t\t\t\t<div class='mapster-wp-maps'\n\t\t\t\t\tid='mapster-wp-maps-1202'\n\t\t\t\t\tdata-id='1202'\n\t\t\t\t\tdata-latitude='null'\n\t\t\t\t\tdata-longitude='null'\n\t\t\t\t\tdata-zoom='null'\n\t\t\t\t\tdata-single_feature_id=''\n\t\t\t\t\tdata-feature_ids=''>\n\t\t\t\t<\/div>\n\t\t\t\t\n\t\t\t<\/div>\n\t\tSucursalesAk 97 # 24C -80. Bogot\u00e1 DC, CundinamarcaAv Calle 26 # 106-39. Piso 4 Oficina 412 y Piso 1 Oficina 130 Bogot\u00e1 DC, CundinamarcaCalle 28 # 27-05 Oficina 2303-2304 Edificio SEAPORT 3 [&hellip;]<\/p>\n","protected":false},"author":1,"featured_media":0,"parent":0,"menu_order":0,"comment_status":"closed","ping_status":"closed","template":"","meta":{"_acf_changed":false,"_et_pb_use_builder":"on","_et_pb_old_content":"<!-- wp:divi\/placeholder \/-->","_et_gb_content_width":"","footnotes":""},"class_list":["post-162","page","type-page","status-publish","hentry"],"acf":[],"_links":{"self":[{"href":"https:\/\/siaco.com.co\/index.php\/wp-json\/wp\/v2\/pages\/162","targetHints":{"allow":["GET"]}}],"collection":[{"href":"https:\/\/siaco.com.co\/index.php\/wp-json\/wp\/v2\/pages"}],"about":[{"href":"https:\/\/siaco.com.co\/index.php\/wp-json\/wp\/v2\/types\/page"}],"author":[{"embeddable":true,"href":"https:\/\/siaco.com.co\/index.php\/wp-json\/wp\/v2\/users\/1"}],"replies":[{"embeddable":true,"href":"https:\/\/siaco.com.co\/index.php\/wp-json\/wp\/v2\/comments?post=162"}],"version-history":[{"count":39,"href":"https:\/\/siaco.com.co\/index.php\/wp-json\/wp\/v2\/pages\/162\/revisions"}],"predecessor-version":[{"id":1272,"href":"https:\/\/siaco.com.co\/index.php\/wp-json\/wp\/v2\/pages\/162\/revisions\/1272"}],"wp:attachment":[{"href":"https:\/\/siaco.com.co\/index.php\/wp-json\/wp\/v2\/media?parent=162"}],"curies":[{"name":"wp","href":"https:\/\/api.w.org\/{rel}","templated":true}]}}