{"id":61,"date":"2024-09-19T16:59:48","date_gmt":"2024-09-19T16:59:48","guid":{"rendered":"https:\/\/prueba.siaco.com.co\/?page_id=61"},"modified":"2025-07-03T21:26:21","modified_gmt":"2025-07-03T21:26:21","slug":"servicios","status":"publish","type":"page","link":"https:\/\/siaco.com.co\/index.php\/servicios\/","title":{"rendered":"Servicios"},"content":{"rendered":"<p>[et_pb_section fb_built=&#8221;1&#8243; next_background_color=&#8221;#f5f5f5&#8243; admin_label=&#8221;About&#8221; _builder_version=&#8221;4.27.4&#8243; _module_preset=&#8221;default&#8221; background_color=&#8221;gcid-af6245ea-df40-48a8-9687-67293107dc0c&#8221; use_background_color_gradient=&#8221;on&#8221; background_color_gradient_direction=&#8221;90deg&#8221; background_color_gradient_stops=&#8221;#2875b4 0%|rgba(0,0,0,0) 100%&#8221; background_color_gradient_overlays_image=&#8221;on&#8221; background_color_gradient_start=&#8221;#2875b4&#8243; background_color_gradient_end=&#8221;rgba(0,0,0,0)&#8221; background_image=&#8221;https:\/\/siaco.com.co\/wp-content\/uploads\/2025\/02\/8.png&#8221; parallax=&#8221;on&#8221; custom_padding=&#8221;20vw||20vw||true|false&#8221; bottom_divider_style=&#8221;arrow&#8221; bottom_divider_height_tablet=&#8221;&#8221; bottom_divider_height_phone=&#8221;20px&#8221; bottom_divider_height_last_edited=&#8221;on|phone&#8221; hover_enabled=&#8221;0&#8243; locked=&#8221;off&#8221; collapsed=&#8221;on&#8221; global_colors_info=&#8221;{%22gcid-af6245ea-df40-48a8-9687-67293107dc0c%22:%91%22background_color%22%93}&#8221; title_text=&#8221;8&#8243; sticky_enabled=&#8221;0&#8243;][et_pb_row _builder_version=&#8221;4.20.0&#8243; _module_preset=&#8221;default&#8221; global_colors_info=&#8221;{}&#8221;][et_pb_column type=&#8221;4_4&#8243; _builder_version=&#8221;4.20.0&#8243; _module_preset=&#8221;default&#8221; global_colors_info=&#8221;{}&#8221;][et_pb_text _builder_version=&#8221;4.20.0&#8243; _module_preset=&#8221;d2356c92-29c5-4151-ab93-3e3618299c87&#8243; header_text_color=&#8221;#FFFFFF&#8221; custom_margin=&#8221;||10px||false|false&#8221; locked=&#8221;off&#8221; global_colors_info=&#8221;{}&#8221;]<\/p>\n<h1>Gesti\u00f3n aduanera<\/h1>\n<p>[\/et_pb_text][et_pb_text _builder_version=&#8221;4.27.4&#8243; _module_preset=&#8221;default&#8221; text_font=&#8221;Raleway||||||||&#8221; text_text_color=&#8221;#FFFFFF&#8221; text_font_size=&#8221;16px&#8221; custom_padding=&#8221;|510px||||&#8221; global_colors_info=&#8221;{}&#8221;]<\/p>\n<p>Planificaci\u00f3n y ejecuci\u00f3n de operaciones de comercio exterior a trav\u00e9s de un sistema de gesti\u00f3n integral, garantizando servicios agiles, efectivos y seguros.<\/p>\n<p>[\/et_pb_text][\/et_pb_column][\/et_pb_row][\/et_pb_section][et_pb_section fb_built=&#8221;1&#8243; admin_label=&#8221;About&#8221; _builder_version=&#8221;4.27.0&#8243; _module_preset=&#8221;default&#8221; background_color=&#8221;#f5f5f5&#8243; locked=&#8221;off&#8221; collapsed=&#8221;on&#8221; global_colors_info=&#8221;{}&#8221;][et_pb_row column_structure=&#8221;1_2,1_2&#8243; _builder_version=&#8221;4.20.0&#8243; _module_preset=&#8221;default&#8221; global_colors_info=&#8221;{}&#8221;][et_pb_column type=&#8221;1_2&#8243; _builder_version=&#8221;4.20.0&#8243; _module_preset=&#8221;default&#8221; global_colors_info=&#8221;{}&#8221;][et_pb_text _builder_version=&#8221;4.27.4&#8243; _module_preset=&#8221;64fc677a-3842-469e-b320-c039ecf28651&#8243; text_font=&#8221;Raleway||||||||&#8221; text_text_color=&#8221;#000000&#8243; text_orientation=&#8221;justified&#8221; global_colors_info=&#8221;{}&#8221;]<\/p>\n<p>Nuestra agencia de aduanas ofrece una amplia gama de servicios brindando seguridad, agilidad y confiabilidad en todos los procesos de comercio exterior de nuestros clientes.<\/p>\n<p>Dentro de nuestros principales servicios se encuentran:<\/p>\n<ul>\n<li>IMPORTACI\u00d3N<\/li>\n<li>EXPORTACI\u00d3N<\/li>\n<li>TR\u00c1NSITO<\/li>\n<\/ul>\n<p>[\/et_pb_text][\/et_pb_column][et_pb_column type=&#8221;1_2&#8243; _builder_version=&#8221;4.20.0&#8243; _module_preset=&#8221;default&#8221; global_colors_info=&#8221;{}&#8221;][et_pb_image src=&#8221;https:\/\/prueba.siaco.com.co\/wp-content\/uploads\/2024\/10\/siaco-imagen-nosotros-2.png&#8221; title_text=&#8221;siaco-imagen-nosotros&#8221; _builder_version=&#8221;4.27.0&#8243; _module_preset=&#8221;default&#8221; global_colors_info=&#8221;{}&#8221;][\/et_pb_image][\/et_pb_column][\/et_pb_row][\/et_pb_section][et_pb_section fb_built=&#8221;1&#8243; admin_label=&#8221;About&#8221; _builder_version=&#8221;4.27.4&#8243; _module_preset=&#8221;default&#8221; background_image=&#8221;https:\/\/siaco.com.co\/wp-content\/uploads\/2025\/02\/banner-numeros-siaco.png&#8221; parallax=&#8221;on&#8221; locked=&#8221;off&#8221; collapsed=&#8221;on&#8221; global_colors_info=&#8221;{%22gcid-af6245ea-df40-48a8-9687-67293107dc0c%22:%91%22background_color%22,%22background_color%22%93}&#8221;][et_pb_row column_structure=&#8221;1_3,1_3,1_3&#8243; _builder_version=&#8221;4.27.4&#8243; _module_preset=&#8221;default&#8221; global_colors_info=&#8221;{}&#8221;][et_pb_column type=&#8221;1_3&#8243; _builder_version=&#8221;4.27.4&#8243; _module_preset=&#8221;default&#8221; custom_padding=&#8221;40px|30px|50px|30px|false|true&#8221; border_radii=&#8221;on|10px|10px|10px|10px&#8221; border_width_all=&#8221;1px&#8221; border_color_all=&#8221;gcid-aa5ce8f4-a042-4184-8a76-3f3d083cef18&#8243; global_colors_info=&#8221;{%22gcid-aa5ce8f4-a042-4184-8a76-3f3d083cef18%22:%91%22border_color_all%22%93}&#8221;][et_pb_number_counter title=&#8221;Colaboradores a nivel nacional&#8221; number=&#8221;+600&#8243; _builder_version=&#8221;4.27.4&#8243; _module_preset=&#8221;21f6dabd-763e-48f6-9e55-e380b69b7f84&#8243; title_font=&#8221;Red Hat Display|600|||||||&#8221; number_text_color=&#8221;#FFFFFF&#8221; title_text_shadow_style=&#8221;preset1&#8243; number_text_shadow_style=&#8221;preset1&#8243; locked=&#8221;off&#8221; global_colors_info=&#8221;{}&#8221;][\/et_pb_number_counter][\/et_pb_column][et_pb_column type=&#8221;1_3&#8243; _builder_version=&#8221;4.20.0&#8243; _module_preset=&#8221;default&#8221; custom_padding=&#8221;40px|30px|50px|30px|false|true&#8221; border_radii=&#8221;on|10px|10px|10px|10px&#8221; border_width_all=&#8221;1px&#8221; border_color_all=&#8221;gcid-aa5ce8f4-a042-4184-8a76-3f3d083cef18&#8243; global_colors_info=&#8221;{%22gcid-aa5ce8f4-a042-4184-8a76-3f3d083cef18%22:%91%22border_color_all%22%93}&#8221;][et_pb_number_counter title=&#8221;Clientes activos&#8221; number=&#8221;+500&#8243; _builder_version=&#8221;4.27.4&#8243; _module_preset=&#8221;21f6dabd-763e-48f6-9e55-e380b69b7f84&#8243; title_font=&#8221;Red Hat Display|600|||||||&#8221; number_text_color=&#8221;#FFFFFF&#8221; title_text_shadow_style=&#8221;preset3&#8243; number_text_shadow_style=&#8221;preset1&#8243; locked=&#8221;off&#8221; global_colors_info=&#8221;{}&#8221;][\/et_pb_number_counter][\/et_pb_column][et_pb_column type=&#8221;1_3&#8243; _builder_version=&#8221;4.20.0&#8243; _module_preset=&#8221;default&#8221; custom_padding=&#8221;40px|30px|50px|30px|false|true&#8221; border_radii=&#8221;on|10px|10px|10px|10px&#8221; border_width_all=&#8221;1px&#8221; border_color_all=&#8221;gcid-aa5ce8f4-a042-4184-8a76-3f3d083cef18&#8243; global_colors_info=&#8221;{%22gcid-aa5ce8f4-a042-4184-8a76-3f3d083cef18%22:%91%22border_color_all%22%93}&#8221;][et_pb_number_counter title=&#8221;A\u00f1os de experiencia&#8221; number=&#8221;+40&#8243; _builder_version=&#8221;4.27.4&#8243; _module_preset=&#8221;21f6dabd-763e-48f6-9e55-e380b69b7f84&#8243; title_font=&#8221;Red Hat Display|600|||||||&#8221; number_text_color=&#8221;#FFFFFF&#8221; title_text_shadow_style=&#8221;preset3&#8243; number_text_shadow_style=&#8221;preset1&#8243; locked=&#8221;off&#8221; global_colors_info=&#8221;{}&#8221;][\/et_pb_number_counter][\/et_pb_column][\/et_pb_row][\/et_pb_section][et_pb_section fb_built=&#8221;1&#8243; admin_label=&#8221;Services&#8221; _builder_version=&#8221;4.27.0&#8243; _module_preset=&#8221;default&#8221; background_color=&#8221;#f5f5f5&#8243; locked=&#8221;off&#8221; collapsed=&#8221;on&#8221; global_colors_info=&#8221;{%22gcid-b0afb9e7-00cb-4a3b-9bdf-e3137e7083ae%22:%91%22background_color%22%93}&#8221;][et_pb_row column_structure=&#8221;1_3,1_3,1_3&#8243; use_custom_gutter=&#8221;on&#8221; gutter_width=&#8221;2&#8243; make_equal=&#8221;on&#8221; _builder_version=&#8221;4.27.4&#8243; _module_preset=&#8221;default&#8221; width=&#8221;91%&#8221; max_width=&#8221;1467px&#8221; max_width_tablet=&#8221;640px&#8221; max_width_phone=&#8221;640px&#8221; max_width_last_edited=&#8221;on|tablet&#8221; module_alignment=&#8221;center&#8221; global_colors_info=&#8221;{}&#8221;][et_pb_column type=&#8221;1_3&#8243; _builder_version=&#8221;4.27.4&#8243; _module_preset=&#8221;default&#8221; background_color=&#8221;#FFFFFF&#8221; custom_padding=&#8221;|20px|20px|20px|false|true&#8221; border_radii=&#8221;on|10px|10px|10px|10px&#8221; box_shadow_style=&#8221;preset2&#8243; box_shadow_color=&#8221;rgba(52,64,84,0.3)&#8221; global_colors_info=&#8221;{}&#8221;][et_pb_image src=&#8221;https:\/\/prueba.siaco.com.co\/wp-content\/uploads\/2024\/10\/1.png&#8221; title_text=&#8221;1&#8243; _builder_version=&#8221;4.27.0&#8243; _module_preset=&#8221;default&#8221; custom_margin=&#8221;|-20px||-20px|false|true&#8221; global_colors_info=&#8221;{}&#8221;][\/et_pb_image][et_pb_text _builder_version=&#8221;4.27.4&#8243; _module_preset=&#8221;15fb4205-822b-4b24-9d8d-4e9f9178c47c&#8221; header_2_font=&#8221;Raleway|700|||||||&#8221; header_2_text_color=&#8221;#2875b4&#8243; header_2_font_size=&#8221;20px&#8221; text_orientation=&#8221;center&#8221; global_colors_info=&#8221;{}&#8221;]<\/p>\n<h2>Importacion, Exportacion\u00a0y\u00a0Transitos<\/h2>\n<p>[\/et_pb_text][et_pb_text _builder_version=&#8221;4.27.4&#8243; _module_preset=&#8221;64fc677a-3842-469e-b320-c039ecf28651&#8243; text_font=&#8221;Raleway||||||||&#8221; text_text_color=&#8221;#000000&#8243; text_font_size=&#8221;14px&#8221; text_line_height=&#8221;1.6em&#8221; text_orientation=&#8221;justified&#8221; locked=&#8221;off&#8221; global_colors_info=&#8221;{}&#8221;]<\/p>\n<p>Somos una Agencia de Aduanas Nivel 1, con cobertura en todo el territorio aduanero nacional. Contamos con personal altamente calificado que garantiza seguridad jur\u00eddica, optimizaci\u00f3n de tiempos y reducci\u00f3n de costos para\u00a0su\u00a0operaci\u00f3n.<\/p>\n<p>[\/et_pb_text][\/et_pb_column][et_pb_column type=&#8221;1_3&#8243; _builder_version=&#8221;4.27.4&#8243; _module_preset=&#8221;default&#8221; background_color=&#8221;#FFFFFF&#8221; custom_padding=&#8221;|20px|20px|20px|false|true&#8221; border_radii=&#8221;on|10px|10px|10px|10px&#8221; box_shadow_style=&#8221;preset2&#8243; box_shadow_color=&#8221;rgba(52,64,84,0.3)&#8221; global_colors_info=&#8221;{}&#8221;][et_pb_image src=&#8221;https:\/\/prueba.siaco.com.co\/wp-content\/uploads\/2024\/10\/3.png&#8221; title_text=&#8221;3&#8243; _builder_version=&#8221;4.27.0&#8243; _module_preset=&#8221;default&#8221; custom_margin=&#8221;|-20px||-20px|false|true&#8221; global_colors_info=&#8221;{}&#8221;][\/et_pb_image][et_pb_text _builder_version=&#8221;4.27.0&#8243; _module_preset=&#8221;15fb4205-822b-4b24-9d8d-4e9f9178c47c&#8221; header_2_font=&#8221;Raleway|700|||||||&#8221; header_2_text_color=&#8221;#2875b4&#8243; header_2_font_size=&#8221;20px&#8221; text_orientation=&#8221;center&#8221; global_colors_info=&#8221;{}&#8221;]<\/p>\n<h2>Consultor\u00eda en Comercio Exterior<\/h2>\n<p>[\/et_pb_text][et_pb_text _builder_version=&#8221;4.27.4&#8243; _module_preset=&#8221;64fc677a-3842-469e-b320-c039ecf28651&#8243; text_font=&#8221;Raleway||||||||&#8221; text_text_color=&#8221;#000000&#8243; text_font_size=&#8221;14px&#8221; text_line_height=&#8221;1.6em&#8221; text_orientation=&#8221;justified&#8221; locked=&#8221;off&#8221; global_colors_info=&#8221;{}&#8221;]<\/p>\n<p>Contamos con talento humano en permanente capacitaci\u00f3n y desarrollo, lo que nos permite ofrecer servicios de consultor\u00eda en comercio exterior y agenciamiento aduanero, con alta seguridad jur\u00eddica y un firme compromiso con nuestros clientes. Brindamos atenci\u00f3n personalizada, basada en una comunicaci\u00f3n asertiva y continua, para acompa\u00f1arlo en cada etapa de\u00a0su\u00a0operaci\u00f3n.<\/p>\n<p>[\/et_pb_text][\/et_pb_column][et_pb_column type=&#8221;1_3&#8243; _builder_version=&#8221;4.22.0&#8243; _module_preset=&#8221;default&#8221; background_color=&#8221;#FFFFFF&#8221; custom_padding=&#8221;|20px|20px|20px|false|true&#8221; border_radii=&#8221;on|10px|10px|10px|10px&#8221; box_shadow_style=&#8221;preset4&#8243; box_shadow_horizontal=&#8221;-60px&#8221; box_shadow_vertical=&#8221;60px&#8221; box_shadow_blur=&#8221;150px&#8221; box_shadow_color=&#8221;rgba(52,64,84,0.3)&#8221; global_colors_info=&#8221;{}&#8221;][et_pb_image src=&#8221;https:\/\/prueba.siaco.com.co\/wp-content\/uploads\/2024\/10\/2.png&#8221; title_text=&#8221;2&#8243; _builder_version=&#8221;4.27.0&#8243; _module_preset=&#8221;default&#8221; custom_margin=&#8221;|-20px||-20px|false|true&#8221; global_colors_info=&#8221;{}&#8221;][\/et_pb_image][et_pb_text _builder_version=&#8221;4.27.0&#8243; _module_preset=&#8221;15fb4205-822b-4b24-9d8d-4e9f9178c47c&#8221; header_2_font=&#8221;Raleway|700|||||||&#8221; header_2_text_color=&#8221;#2875b4&#8243; header_2_font_size=&#8221;20px&#8221; text_orientation=&#8221;center&#8221; locked=&#8221;off&#8221; global_colors_info=&#8221;{}&#8221;]<\/p>\n<h2>Servicios Especiales<\/h2>\n<p>[\/et_pb_text][et_pb_text _builder_version=&#8221;4.27.4&#8243; _module_preset=&#8221;64fc677a-3842-469e-b320-c039ecf28651&#8243; text_font=&#8221;Raleway||||||||&#8221; text_text_color=&#8221;#000000&#8243; text_font_size=&#8221;13px&#8221; text_line_height=&#8221;1.6em&#8221; text_orientation=&#8221;justified&#8221; locked=&#8221;off&#8221; global_colors_info=&#8221;{}&#8221;]<\/p>\n<p>Para la atenci\u00f3n de sus operaciones, ponemos a su disposici\u00f3n un equipo de nomenclatura altamente calificado, especializado en los diferentes sectores de la econom\u00eda, aportando conocimiento espec\u00edfico en cada caso.<br \/>Contamos con sistemas de informaci\u00f3n de vanguardia que permiten un control efectivo de la gesti\u00f3n, generaci\u00f3n de reportes, indicadores (KPIs) y trazabilidad, lo que nos permite atender cada proceso de forma m\u00e1s \u00e1gil, segura y eficiente.<\/p>\n<p>Los servicios incluyen:<\/p>\n<ol>\n<li>Soporte t\u00e9cnico en operaciones aduaneras.<\/li>\n<li>Nomenclatura y an\u00e1lisis de requisitos legales.<\/li>\n<li>An\u00e1lisis de asuntos regulatorios.<\/li>\n<li>Gesti\u00f3n de importaciones y exportaciones temporales.<\/li>\n<li>Control de declaraciones especiales.<\/li>\n<li>Soporte jur\u00eddico y legal.<\/li>\n<li>Compromiso con la calidad (medici\u00f3n, indicadores, satisfacci\u00f3n del cliente).<\/li>\n<li>Servicio de clasificaciones oficiales\u00a0ante\u00a0la\u00a0DIAN<\/li>\n<\/ol>\n<p>[\/et_pb_text][\/et_pb_column][\/et_pb_row][\/et_pb_section]<\/p>\n","protected":false},"excerpt":{"rendered":"<p>Gesti\u00f3n aduaneraPlanificaci\u00f3n y ejecuci\u00f3n de operaciones de comercio exterior a trav\u00e9s de un sistema de gesti\u00f3n integral, garantizando servicios agiles, efectivos y seguros.Nuestra agencia de aduanas ofrece una amplia gama de servicios brindando seguridad, agilidad y confiabilidad en todos los procesos de comercio exterior de nuestros clientes. Dentro de nuestros principales servicios se encuentran: IMPORTACI\u00d3N [&hellip;]<\/p>\n","protected":false},"author":1,"featured_media":0,"parent":0,"menu_order":0,"comment_status":"closed","ping_status":"closed","template":"","meta":{"_acf_changed":false,"_et_pb_use_builder":"on","_et_pb_old_content":"","_et_gb_content_width":"","footnotes":""},"class_list":["post-61","page","type-page","status-publish","hentry"],"acf":[],"_links":{"self":[{"href":"https:\/\/siaco.com.co\/index.php\/wp-json\/wp\/v2\/pages\/61","targetHints":{"allow":["GET"]}}],"collection":[{"href":"https:\/\/siaco.com.co\/index.php\/wp-json\/wp\/v2\/pages"}],"about":[{"href":"https:\/\/siaco.com.co\/index.php\/wp-json\/wp\/v2\/types\/page"}],"author":[{"embeddable":true,"href":"https:\/\/siaco.com.co\/index.php\/wp-json\/wp\/v2\/users\/1"}],"replies":[{"embeddable":true,"href":"https:\/\/siaco.com.co\/index.php\/wp-json\/wp\/v2\/comments?post=61"}],"version-history":[{"count":32,"href":"https:\/\/siaco.com.co\/index.php\/wp-json\/wp\/v2\/pages\/61\/revisions"}],"predecessor-version":[{"id":1250,"href":"https:\/\/siaco.com.co\/index.php\/wp-json\/wp\/v2\/pages\/61\/revisions\/1250"}],"wp:attachment":[{"href":"https:\/\/siaco.com.co\/index.php\/wp-json\/wp\/v2\/media?parent=61"}],"curies":[{"name":"wp","href":"https:\/\/api.w.org\/{rel}","templated":true}]}}